{"id":953,"date":"2025-08-23T13:04:25","date_gmt":"2025-08-23T11:04:25","guid":{"rendered":"https:\/\/samemerveille77.com\/?page_id=953"},"modified":"2025-12-30T16:27:58","modified_gmt":"2025-12-30T15:27:58","slug":"location-sono-jbl","status":"publish","type":"page","link":"https:\/\/samemerveille77.com\/index.php\/location-sono-jbl\/","title":{"rendered":"Location Sono (JBL)"},"content":{"rendered":"\n<p>Bonjour\ud83d\udc4b, <\/p>\n\n\n\n<p>Je vous propose en location la JBL PartyBox 120 <\/p>\n\n\n\n<p>Id\u00e9al pour tous vos \u00e9v\u00e9nements festifs, soir\u00e9e, ap\u00e9ro plage\/rivi\u00e8re, salle de f\u00eate, mariage, barbecue, anniversaire, karaok\u00e9, pool party, etc&#8230; \u00c9v\u00e9nementiel. <\/p>\n\n\n\n<p>Possibilit\u00e9 de connecter l&rsquo;enceinte avec d&rsquo;autres enceintes JBL .<\/p>\n\n\n\n<p>\u26a1 Jeu de lumi\u00e8re captivant synchronis\u00e9 avec la musique. <\/p>\n\n\n\n<p>\ud83d\udd0c Branchement sur secteur pour plus de puissance, ou sans fil. <\/p>\n\n\n\n<p>\u2705 Puissante, Bass profonde, l\u00e9g\u00e8re et ergonomique. <\/p>\n\n\n\n<p>\ud83c\udfa4 Double entr\u00e9es micro et guitare. <\/p>\n\n\n\n<p>\ud83d\udd0b Autonomie 12h max sur batterie \u00e0 50% du volume, led off, bass level 1. <\/p>\n\n\n\n<p>JBL120, puissance 160w, poids 11kg, autonomie 12h <\/p>\n\n\n\n<p>\ud83d\udcb8 JBL 120 (Caution 300\u20ac) <\/p>\n\n\n\n<p>40\u20ac\/24h <\/p>\n\n\n\n<p>60\u20ac\/48h <\/p>\n\n\n\n<p>100\u20ac\/7j <\/p>\n\n\n\n<p>\u2795 Option en suppl\u00e9ment <\/p>\n\n\n\n<p>2 Micro Bluetooth 10\u20ac\/j<\/p>\n\n\n\n<p>1 Jeu de lumiere (PartyLight Beam) 10\u20ac\/j<\/p>\n\n\n\n<p> Livraison (\u00e0 d\u00e9finir) <\/p>\n\n\n\n<p>\u2757Obligatoire <\/p>\n\n\n\n<p>&#8211; R\u00e8glement esp\u00e8ce <\/p>\n\n\n\n<p>&#8211; Caution <\/p>\n\n\n\n<p>&#8211; Photo pi\u00e8ce d&rsquo;identit\u00e9 <\/p>\n\n\n\n<p>\ud83d\ude9a \u00c0 r\u00e9cup\u00e9rer sur Pontault-Combault. <\/p>\n\n\n\n<p>Ou Livraison (prix \u00e0 d\u00e9finir). <\/p>\n\n\n\n<p>Me contacter pour toute autre information.<\/p>\n\n\n\n<div class=\"wp-block-responsive-lightbox-gallery\"><div class=\"rl-gallery-container rl-loading\" id=\"rl-gallery-container-1\" data-gallery_id=\"1200\"> <div class=\"rl-gallery rl-basicmasonry-gallery \" id=\"rl-gallery-1\" data-gallery_no=\"1\"> <div class=\"rl-gutter-sizer\"><\/div><div class=\"rl-grid-sizer\"><\/div> <div class=\"rl-gallery-item rl-gallery-item-width-4\" > <div class=\"rl-gallery-item-content\"> <a href=\"https:\/\/i0.wp.com\/samemerveille77.com\/wp-content\/uploads\/2025\/08\/01.png?fit=680%2C680&amp;ssl=1\" title=\"\" data-rl_title=\"\" class=\"rl-gallery-link\" data-rl_caption=\"\" data-rel=\"lightbox-gallery-1\"><img loading=\"lazy\" decoding=\"async\" src=\"https:\/\/i0.wp.com\/samemerveille77.com\/wp-content\/uploads\/2025\/08\/01.png?fit=300%2C300&#038;ssl=1\" width=\"300\" height=\"300\" alt=\"\" \/><\/a> <\/div> <\/div> <div class=\"rl-gallery-item\" > <div class=\"rl-gallery-item-content\"> <a href=\"https:\/\/i0.wp.com\/samemerveille77.com\/wp-content\/uploads\/2025\/08\/05.png?fit=680%2C680&amp;ssl=1\" title=\"\" data-rl_title=\"\" class=\"rl-gallery-link\" data-rl_caption=\"\" data-rel=\"lightbox-gallery-1\"><img loading=\"lazy\" decoding=\"async\" src=\"https:\/\/i0.wp.com\/samemerveille77.com\/wp-content\/uploads\/2025\/08\/05.png?fit=300%2C300&#038;ssl=1\" width=\"300\" height=\"300\" alt=\"\" \/><\/a> <\/div> <\/div> <div class=\"rl-gallery-item\" > <div class=\"rl-gallery-item-content\"> <a href=\"https:\/\/i0.wp.com\/samemerveille77.com\/wp-content\/uploads\/2025\/08\/04.png?fit=680%2C680&amp;ssl=1\" title=\"\" data-rl_title=\"\" class=\"rl-gallery-link\" data-rl_caption=\"\" data-rel=\"lightbox-gallery-1\"><img loading=\"lazy\" decoding=\"async\" src=\"https:\/\/i0.wp.com\/samemerveille77.com\/wp-content\/uploads\/2025\/08\/04.png?fit=300%2C300&#038;ssl=1\" width=\"300\" height=\"300\" alt=\"\" \/><\/a> <\/div> <\/div> <div class=\"rl-gallery-item\" > <div class=\"rl-gallery-item-content\"> <a href=\"https:\/\/i0.wp.com\/samemerveille77.com\/wp-content\/uploads\/2025\/08\/03.png?fit=680%2C680&amp;ssl=1\" title=\"\" data-rl_title=\"\" class=\"rl-gallery-link\" data-rl_caption=\"\" data-rel=\"lightbox-gallery-1\"><img loading=\"lazy\" decoding=\"async\" src=\"https:\/\/i0.wp.com\/samemerveille77.com\/wp-content\/uploads\/2025\/08\/03.png?fit=300%2C300&#038;ssl=1\" width=\"300\" height=\"300\" alt=\"\" \/><\/a> <\/div> <\/div> <div class=\"rl-gallery-item\" > <div class=\"rl-gallery-item-content\"> <a href=\"https:\/\/i0.wp.com\/samemerveille77.com\/wp-content\/uploads\/2025\/08\/02.png?fit=680%2C680&amp;ssl=1\" title=\"\" data-rl_title=\"\" class=\"rl-gallery-link\" data-rl_caption=\"\" data-rel=\"lightbox-gallery-1\"><img loading=\"lazy\" decoding=\"async\" src=\"https:\/\/i0.wp.com\/samemerveille77.com\/wp-content\/uploads\/2025\/08\/02.png?fit=300%2C300&#038;ssl=1\" width=\"300\" height=\"300\" alt=\"\" \/><\/a> <\/div> <\/div> <\/div> <\/div><\/div>\n\n\n\n<p><\/p>\n","protected":false},"excerpt":{"rendered":"<p>Bonjour\ud83d\udc4b, Je vous propose en location la JBL PartyBox 120 Id\u00e9al pour tous vos \u00e9v\u00e9nements festifs, soir\u00e9e, ap\u00e9ro plage\/rivi\u00e8re, salle de f\u00eate, mariage, barbecue, anniversaire, karaok\u00e9, pool party, etc&#8230; \u00c9v\u00e9nementiel. Possibilit\u00e9 de connecter l&rsquo;enceinte avec d&rsquo;autres enceintes JBL . \u26a1 Jeu de lumi\u00e8re captivant synchronis\u00e9 avec la musique. \ud83d\udd0c Branchement sur secteur pour plus de&#8230;<\/p>\n","protected":false},"author":1,"featured_media":0,"parent":0,"menu_order":0,"comment_status":"closed","ping_status":"closed","template":"","meta":{"sfsi_plus_gutenberg_text_before_share":"","sfsi_plus_gutenberg_show_text_before_share":"","sfsi_plus_gutenberg_icon_type":"","sfsi_plus_gutenberg_icon_alignemt":"","sfsi_plus_gutenburg_max_per_row":"","ngg_post_thumbnail":0,"_kad_post_transparent":"","_kad_post_title":"","_kad_post_layout":"","_kad_post_sidebar_id":"","_kad_post_content_style":"","_kad_post_vertical_padding":"","_kad_post_feature":"","_kad_post_feature_position":"","_kad_post_header":false,"_kad_post_footer":false,"_kad_post_classname":"","footnotes":""},"class_list":["post-953","page","type-page","status-publish","hentry"],"aioseo_notices":[],"jetpack_sharing_enabled":true,"_links":{"self":[{"href":"https:\/\/samemerveille77.com\/index.php\/wp-json\/wp\/v2\/pages\/953","targetHints":{"allow":["GET"]}}],"collection":[{"href":"https:\/\/samemerveille77.com\/index.php\/wp-json\/wp\/v2\/pages"}],"about":[{"href":"https:\/\/samemerveille77.com\/index.php\/wp-json\/wp\/v2\/types\/page"}],"author":[{"embeddable":true,"href":"https:\/\/samemerveille77.com\/index.php\/wp-json\/wp\/v2\/users\/1"}],"replies":[{"embeddable":true,"href":"https:\/\/samemerveille77.com\/index.php\/wp-json\/wp\/v2\/comments?post=953"}],"version-history":[{"count":6,"href":"https:\/\/samemerveille77.com\/index.php\/wp-json\/wp\/v2\/pages\/953\/revisions"}],"predecessor-version":[{"id":1201,"href":"https:\/\/samemerveille77.com\/index.php\/wp-json\/wp\/v2\/pages\/953\/revisions\/1201"}],"wp:attachment":[{"href":"https:\/\/samemerveille77.com\/index.php\/wp-json\/wp\/v2\/media?parent=953"}],"curies":[{"name":"wp","href":"https:\/\/api.w.org\/{rel}","templated":true}]}}