{"id":293,"date":"2024-02-09T11:30:16","date_gmt":"2024-02-09T10:30:16","guid":{"rendered":"https:\/\/samemerveille77.com\/?page_id=293"},"modified":"2025-12-30T13:58:54","modified_gmt":"2025-12-30T12:58:54","slug":"accueil","status":"publish","type":"page","link":"https:\/\/samemerveille77.com\/","title":{"rendered":"Accueil"},"content":{"rendered":"\n<p id=\"block-020d02e5-684d-405f-8240-a21682269aab\">\u2728 Offrez \u00e0 vos \u00e9v\u00e9nements une touche d\u2019\u00e9l\u00e9gance et de f\u00e9\u00e9rie gr\u00e2ce \u00e0 la d\u00e9coration de ballons sur mesure ! <\/p>\n\n\n\n<p id=\"block-020d02e5-684d-405f-8240-a21682269aab\">Que ce soit pour une f\u00eate d\u2019anniversaire, un mariage ou une baby shower, chaque cr\u00e9ation est pens\u00e9e pour sublimer votre lieu. <\/p>\n\n\n\n<p id=\"block-020d02e5-684d-405f-8240-a21682269aab\">\ud83c\udf88 Une arche personnalis\u00e9e devient la star de votre r\u00e9ception, captant tous les regards. <\/p>\n\n\n\n<p id=\"block-020d02e5-684d-405f-8240-a21682269aab\">\u00c0 No\u00ebl, plongez petits et grands dans un univers magique avec un d\u00e9cor f\u00e9erique qui \u00e9merveille. \ud83c\udf84<\/p>\n\n\n\n<p id=\"block-020d02e5-684d-405f-8240-a21682269aab\">Envie de transformer votre int\u00e9rieur ? Optez pour une jolie d\u00e9co de maison, chaleureuse et tendance. <\/p>\n\n\n\n<p id=\"block-020d02e5-684d-405f-8240-a21682269aab\">Sublimez \u00e9galement vos repas avec une d\u00e9coration de table \u00e9l\u00e9gante et originale. <\/p>\n\n\n\n<p id=\"block-020d02e5-684d-405f-8240-a21682269aab\">Tout est enti\u00e8rement r\u00e9alis\u00e9 selon vos go\u00fbts, vos envies et votre th\u00e8me. <\/p>\n\n\n\n<p id=\"block-020d02e5-684d-405f-8240-a21682269aab\">Du r\u00eave, du style, et surtout\u2026 du sur mesure ! \ud83d\udcab<\/p>\n","protected":false},"excerpt":{"rendered":"<p>\u2728 Offrez \u00e0 vos \u00e9v\u00e9nements une touche d\u2019\u00e9l\u00e9gance et de f\u00e9\u00e9rie gr\u00e2ce \u00e0 la d\u00e9coration de ballons sur mesure ! Que ce soit pour une f\u00eate d\u2019anniversaire, un mariage ou une baby shower, chaque cr\u00e9ation est pens\u00e9e pour sublimer votre lieu. \ud83c\udf88 Une arche personnalis\u00e9e devient la star de votre r\u00e9ception, captant tous les regards&#8230;.<\/p>\n","protected":false},"author":2,"featured_media":0,"parent":0,"menu_order":0,"comment_status":"closed","ping_status":"closed","template":"","meta":{"sfsi_plus_gutenberg_text_before_share":"","sfsi_plus_gutenberg_show_text_before_share":"","sfsi_plus_gutenberg_icon_type":"","sfsi_plus_gutenberg_icon_alignemt":"","sfsi_plus_gutenburg_max_per_row":"","ngg_post_thumbnail":0,"_kad_post_transparent":"","_kad_post_title":"","_kad_post_layout":"","_kad_post_sidebar_id":"","_kad_post_content_style":"","_kad_post_vertical_padding":"","_kad_post_feature":"","_kad_post_feature_position":"","_kad_post_header":false,"_kad_post_footer":false,"_kad_post_classname":"","footnotes":""},"class_list":["post-293","page","type-page","status-publish","hentry"],"aioseo_notices":[],"jetpack_sharing_enabled":true,"_links":{"self":[{"href":"https:\/\/samemerveille77.com\/index.php\/wp-json\/wp\/v2\/pages\/293","targetHints":{"allow":["GET"]}}],"collection":[{"href":"https:\/\/samemerveille77.com\/index.php\/wp-json\/wp\/v2\/pages"}],"about":[{"href":"https:\/\/samemerveille77.com\/index.php\/wp-json\/wp\/v2\/types\/page"}],"author":[{"embeddable":true,"href":"https:\/\/samemerveille77.com\/index.php\/wp-json\/wp\/v2\/users\/2"}],"replies":[{"embeddable":true,"href":"https:\/\/samemerveille77.com\/index.php\/wp-json\/wp\/v2\/comments?post=293"}],"version-history":[{"count":6,"href":"https:\/\/samemerveille77.com\/index.php\/wp-json\/wp\/v2\/pages\/293\/revisions"}],"predecessor-version":[{"id":1154,"href":"https:\/\/samemerveille77.com\/index.php\/wp-json\/wp\/v2\/pages\/293\/revisions\/1154"}],"wp:attachment":[{"href":"https:\/\/samemerveille77.com\/index.php\/wp-json\/wp\/v2\/media?parent=293"}],"curies":[{"name":"wp","href":"https:\/\/api.w.org\/{rel}","templated":true}]}}