{"id":24,"date":"2023-01-17T11:47:05","date_gmt":"2023-01-17T10:47:05","guid":{"rendered":"https:\/\/samemerveille77.com\/?page_id=24"},"modified":"2023-01-17T12:27:54","modified_gmt":"2023-01-17T11:27:54","slug":"information-et-devis","status":"publish","type":"page","link":"https:\/\/samemerveille77.com\/index.php\/information-et-devis\/","title":{"rendered":"Information et Devis"},"content":{"rendered":"\n<p>Bonjour ,<\/p>\n\n\n\n<p>Afin de mieux conna\u00eetre et satisfaire votre demande nous avons besoin de vous conna\u00eetre, veuillez r\u00e9pondre svp \u00e0 ce questionnaire :<\/p>\n\n\n\n<div class=\"wp-block-contact-form-7-contact-form-selector\">\n<div class=\"wpcf7 no-js\" id=\"wpcf7-f21-o1\" lang=\"fr-FR\" dir=\"ltr\" data-wpcf7-id=\"21\">\n<div class=\"screen-reader-response\"><p role=\"status\" aria-live=\"polite\" aria-atomic=\"true\"><\/p> <ul><\/ul><\/div>\n<form action=\"\/index.php\/wp-json\/wp\/v2\/pages\/24#wpcf7-f21-o1\" method=\"post\" class=\"wpcf7-form init\" aria-label=\"Formulaire de contact\" novalidate=\"novalidate\" data-status=\"init\">\n<fieldset class=\"hidden-fields-container\"><input type=\"hidden\" name=\"_wpcf7\" value=\"21\" \/><input type=\"hidden\" name=\"_wpcf7_version\" value=\"6.1.5\" \/><input type=\"hidden\" name=\"_wpcf7_locale\" value=\"fr_FR\" \/><input type=\"hidden\" name=\"_wpcf7_unit_tag\" value=\"wpcf7-f21-o1\" \/><input type=\"hidden\" name=\"_wpcf7_container_post\" value=\"0\" \/><input type=\"hidden\" name=\"_wpcf7_posted_data_hash\" value=\"\" \/>\n<\/fieldset>\n<p><label><b> Nom:<\/b><br \/>\n<span class=\"wpcf7-form-control-wrap\" data-name=\"your-name\"><input size=\"40\" maxlength=\"400\" class=\"wpcf7-form-control wpcf7-text wpcf7-validates-as-required\" autocomplete=\"name\" aria-required=\"true\" aria-invalid=\"false\" value=\"\" type=\"text\" name=\"your-name\" \/><\/span> <\/label>\n<\/p>\n<p><label><b> Pr\u00e9nom:<\/b><br \/>\n<span class=\"wpcf7-form-control-wrap\" data-name=\"text-441\"><input size=\"40\" maxlength=\"400\" class=\"wpcf7-form-control wpcf7-text wpcf7-validates-as-required\" aria-required=\"true\" aria-invalid=\"false\" value=\"\" type=\"text\" name=\"text-441\" \/><\/span> <\/label>\n<\/p>\n<p><label><b> Votre e-mail:<\/b><br \/>\n<span class=\"wpcf7-form-control-wrap\" data-name=\"your-email\"><input size=\"40\" maxlength=\"400\" class=\"wpcf7-form-control wpcf7-email wpcf7-validates-as-required wpcf7-text wpcf7-validates-as-email\" autocomplete=\"email\" aria-required=\"true\" aria-invalid=\"false\" value=\"\" type=\"email\" name=\"your-email\" \/><\/span> <\/label>\n<\/p>\n<p><label><b> T\u00e9l\u00e9phone:<\/b><br \/>\n<span class=\"wpcf7-form-control-wrap\" data-name=\"tel-731\"><input size=\"40\" maxlength=\"400\" class=\"wpcf7-form-control wpcf7-tel wpcf7-text wpcf7-validates-as-tel\" aria-invalid=\"false\" value=\"\" type=\"tel\" name=\"tel-731\" \/><\/span> <\/label>\n<\/p>\n<p><label><b> Type d'\u00e9v\u00e8nement:<\/b><br \/>\n<span class=\"wpcf7-form-control-wrap\" data-name=\"select-825\"><select class=\"wpcf7-form-control wpcf7-select wpcf7-validates-as-required\" aria-required=\"true\" aria-invalid=\"false\" name=\"select-825\"><option value=\"Anniversaire\">Anniversaire<\/option><option value=\"Bapt\u00eame\">Bapt\u00eame<\/option><option value=\"Naissance\">Naissance<\/option><option value=\"\u00c9v\u00e8nementiel\">\u00c9v\u00e8nementiel<\/option><option value=\"Communion\">Communion<\/option><option value=\"Gender Reveal\">Gender Reveal<\/option><option value=\"Mariage\">Mariage<\/option><option value=\"F\u00eate (Noel ,P\u00e2ques ,Halloween ,...)\">F\u00eate (Noel ,P\u00e2ques ,Halloween ,...)<\/option><option value=\"Kermesse\">Kermesse<\/option><option value=\"Autres...\">Autres...<\/option><\/select><\/span><br \/>\n<\/label>\n<\/p>\n<p><label><b> Date de l'\u00e9v\u00e8nement:<\/b><br \/>\n<span class=\"wpcf7-form-control-wrap\" data-name=\"date-309\"><input class=\"wpcf7-form-control wpcf7-date wpcf7-validates-as-required wpcf7-validates-as-date\" aria-required=\"true\" aria-invalid=\"false\" value=\"\" type=\"date\" name=\"date-309\" \/><\/span> <\/label>\n<\/p>\n<p><label><b> Ville o\u00f9 se d\u00e9roule l'\u00e9v\u00e8nement:<\/b><br \/>\n<span class=\"wpcf7-form-control-wrap\" data-name=\"text-712\"><input size=\"40\" maxlength=\"400\" class=\"wpcf7-form-control wpcf7-text wpcf7-validates-as-required\" aria-required=\"true\" aria-invalid=\"false\" value=\"\" type=\"text\" name=\"text-712\" \/><\/span> <\/label>\n<\/p>\n<p><b> Lieu o\u00f9 se d\u00e9roule l'\u00e9v\u00e8nement:<\/b><br \/>\n<span class=\"wpcf7-form-control-wrap\" data-name=\"checkbox-526\"><span class=\"wpcf7-form-control wpcf7-checkbox wpcf7-validates-as-required\"><span class=\"wpcf7-list-item first\"><label><input type=\"checkbox\" name=\"checkbox-526[]\" value=\"Maison\" \/><span class=\"wpcf7-list-item-label\">Maison<\/span><\/label><\/span><span class=\"wpcf7-list-item\"><label><input type=\"checkbox\" name=\"checkbox-526[]\" value=\"Appartement\" \/><span class=\"wpcf7-list-item-label\">Appartement<\/span><\/label><\/span><span class=\"wpcf7-list-item\"><label><input type=\"checkbox\" name=\"checkbox-526[]\" value=\"Salle des f\u00eates\" \/><span class=\"wpcf7-list-item-label\">Salle des f\u00eates<\/span><\/label><\/span><span class=\"wpcf7-list-item\"><label><input type=\"checkbox\" name=\"checkbox-526[]\" value=\"Dans une soci\u00e9t\u00e9\" \/><span class=\"wpcf7-list-item-label\">Dans une soci\u00e9t\u00e9<\/span><\/label><\/span><span class=\"wpcf7-list-item\"><label><input type=\"checkbox\" name=\"checkbox-526[]\" value=\"En Ext\u00e9rieur\" \/><span class=\"wpcf7-list-item-label\">En Ext\u00e9rieur<\/span><\/label><\/span><span class=\"wpcf7-list-item\"><label><input type=\"checkbox\" name=\"checkbox-526[]\" value=\"Dans une \u00e9cole\" \/><span class=\"wpcf7-list-item-label\">Dans une \u00e9cole<\/span><\/label><\/span><span class=\"wpcf7-list-item last\"><label><input type=\"checkbox\" name=\"checkbox-526[]\" value=\"Autres\" \/><span class=\"wpcf7-list-item-label\">Autres<\/span><\/label><\/span><\/span><\/span>\n<\/p>\n<p><label><b> Nombre de personnes:<\/b><br \/>\n<span class=\"wpcf7-form-control-wrap\" data-name=\"number-326\"><input class=\"wpcf7-form-control wpcf7-number wpcf7-validates-as-required wpcf7-validates-as-number\" aria-required=\"true\" aria-invalid=\"false\" value=\"\" type=\"number\" name=\"number-326\" \/><\/span> <\/label>\n<\/p>\n<p><b> Type de cr\u00e9ations (\n\t\t<font color=red>Plusieurs choix possibles\n\t\t<\/font>) :<\/b><br \/>\n<span class=\"wpcf7-form-control-wrap\" data-name=\"checkbox-795\"><span class=\"wpcf7-form-control wpcf7-checkbox wpcf7-validates-as-required\"><span class=\"wpcf7-list-item first\"><label><input type=\"checkbox\" name=\"checkbox-795[]\" value=\"Arche\" \/><span class=\"wpcf7-list-item-label\">Arche<\/span><\/label><\/span><span class=\"wpcf7-list-item\"><label><input type=\"checkbox\" name=\"checkbox-795[]\" value=\"D\u00e9coration de table\" \/><span class=\"wpcf7-list-item-label\">D\u00e9coration de table<\/span><\/label><\/span><span class=\"wpcf7-list-item\"><label><input type=\"checkbox\" name=\"checkbox-795[]\" value=\"D\u00e9coration de salle\" \/><span class=\"wpcf7-list-item-label\">D\u00e9coration de salle<\/span><\/label><\/span><span class=\"wpcf7-list-item\"><label><input type=\"checkbox\" name=\"checkbox-795[]\" value=\"Panneau d&#039;accueil\" \/><span class=\"wpcf7-list-item-label\">Panneau d&#039;accueil<\/span><\/label><\/span><span class=\"wpcf7-list-item\"><label><input type=\"checkbox\" name=\"checkbox-795[]\" value=\"Montgolfi\u00e8re en ballon\" \/><span class=\"wpcf7-list-item-label\">Montgolfi\u00e8re en ballon<\/span><\/label><\/span><span class=\"wpcf7-list-item\"><label><input type=\"checkbox\" name=\"checkbox-795[]\" value=\"Bar \u00e0 bonbon\" \/><span class=\"wpcf7-list-item-label\">Bar \u00e0 bonbon<\/span><\/label><\/span><span class=\"wpcf7-list-item\"><label><input type=\"checkbox\" name=\"checkbox-795[]\" value=\"Back Drop personnalis\u00e9(s)\" \/><span class=\"wpcf7-list-item-label\">Back Drop personnalis\u00e9(s)<\/span><\/label><\/span><span class=\"wpcf7-list-item last\"><label><input type=\"checkbox\" name=\"checkbox-795[]\" value=\"Cr\u00e9ation d\u00e9cor(s) personnalis\u00e9(s)\" \/><span class=\"wpcf7-list-item-label\">Cr\u00e9ation d\u00e9cor(s) personnalis\u00e9(s)<\/span><\/label><\/span><\/span><\/span>\n<\/p>\n<p><label><b> Th\u00e8me souhait\u00e9 \/ couleur:<\/b><br \/>\n(\n\t\t<font color=red>Princesse, Jungle , Espace , Pirate , Manga \/ Toutes les couleurs sont possibles , ....\n\t\t<\/font>)<br \/>\n<span class=\"wpcf7-form-control-wrap\" data-name=\"textarea-295\"><textarea cols=\"40\" rows=\"10\" maxlength=\"2000\" class=\"wpcf7-form-control wpcf7-textarea wpcf7-validates-as-required\" aria-required=\"true\" aria-invalid=\"false\" name=\"textarea-295\"><\/textarea><\/span> <\/label>\n<\/p>\n<p><b> Avez-vous besoin d'une enceinte, jeux de lumi\u00e8re, micro (Mat\u00e9riel JBL), machine \u00e0 fum\u00e9e? (\n\t\t<font color=red>Plusieurs choix possibles\n\t\t<\/font>) :<\/b><br \/>\n<span class=\"wpcf7-form-control-wrap\" data-name=\"checkbox-788\"><span class=\"wpcf7-form-control wpcf7-checkbox wpcf7-validates-as-required\"><span class=\"wpcf7-list-item first\"><label><input type=\"checkbox\" name=\"checkbox-788[]\" value=\"Non\" \/><span class=\"wpcf7-list-item-label\">Non<\/span><\/label><\/span><span class=\"wpcf7-list-item\"><label><input type=\"checkbox\" name=\"checkbox-788[]\" value=\"Enceinte (JBL PartyBox 120)\" \/><span class=\"wpcf7-list-item-label\">Enceinte (JBL PartyBox 120)<\/span><\/label><\/span><span class=\"wpcf7-list-item\"><label><input type=\"checkbox\" name=\"checkbox-788[]\" value=\"Lumiere (JBL PartyLight Beam)\" \/><span class=\"wpcf7-list-item-label\">Lumiere (JBL PartyLight Beam)<\/span><\/label><\/span><span class=\"wpcf7-list-item\"><label><input type=\"checkbox\" name=\"checkbox-788[]\" value=\"Micro (JBL sans fil x2)\" \/><span class=\"wpcf7-list-item-label\">Micro (JBL sans fil x2)<\/span><\/label><\/span><span class=\"wpcf7-list-item last\"><label><input type=\"checkbox\" name=\"checkbox-788[]\" value=\"Machine \u00e0 fum\u00e9e\" \/><span class=\"wpcf7-list-item-label\">Machine \u00e0 fum\u00e9e<\/span><\/label><\/span><\/span><\/span>\n<\/p>\n<p><label><b> Budget: (en \u20ac)<\/b><br \/>\n<span class=\"wpcf7-form-control-wrap\" data-name=\"number-986\"><input class=\"wpcf7-form-control wpcf7-number wpcf7-validates-as-required wpcf7-validates-as-number\" aria-required=\"true\" aria-invalid=\"false\" value=\"\" type=\"number\" name=\"number-986\" \/><\/span> <\/label>\n<\/p>\n<p><label>\n\t\t<font color=red><b>Avez vous des inspirations, des informations particuli\u00e8res \u00e0 nous communiquer ?<br \/>\nN'h\u00e9sitez pas \u00e0 mettre des URL vers des id\u00e9es souhait\u00e9es.<\/b>\n\t\t<\/font><br \/>\n<span class=\"wpcf7-form-control-wrap\" data-name=\"textarea-254\"><textarea cols=\"40\" rows=\"10\" maxlength=\"2000\" class=\"wpcf7-form-control wpcf7-textarea\" aria-invalid=\"false\" name=\"textarea-254\"><\/textarea><\/span> <\/label>\n<\/p>\n<p><label><b>Comment vous nous avez connu ?<\/b><br \/>\n<span class=\"wpcf7-form-control-wrap\" data-name=\"select-651\"><select class=\"wpcf7-form-control wpcf7-select wpcf7-validates-as-required\" aria-required=\"true\" aria-invalid=\"false\" name=\"select-651\"><option value=\"\"><\/option><option value=\"Internet\">Internet<\/option><option value=\"Ami(e)s\">Ami(e)s<\/option><option value=\"Instagram\">Instagram<\/option><option value=\"Facebook\">Facebook<\/option><\/select><\/span> <\/label>\n<\/p>\n<p>* un minimum de 3 m\u00e8tres pour toute commande d'arche.\n<\/p>\n<p><input class=\"wpcf7-form-control wpcf7-submit has-spinner\" type=\"submit\" value=\"Envoyer\" \/>\n<\/p><p style=\"display: none !important;\" class=\"akismet-fields-container\" data-prefix=\"_wpcf7_ak_\"><label>&#916;<textarea name=\"_wpcf7_ak_hp_textarea\" cols=\"45\" rows=\"8\" maxlength=\"100\"><\/textarea><\/label><input type=\"hidden\" id=\"ak_js_1\" name=\"_wpcf7_ak_js\" value=\"152\"\/><script>document.getElementById( \"ak_js_1\" ).setAttribute( \"value\", ( new Date() ).getTime() );<\/script><\/p><div class=\"wpcf7-response-output\" aria-hidden=\"true\"><\/div>\n<\/form>\n<\/div>\n<\/div>\n\n\n\n<p>Cordialement.<\/p>\n","protected":false},"excerpt":{"rendered":"<p>Bonjour , Afin de mieux conna\u00eetre et satisfaire votre demande nous avons besoin de vous conna\u00eetre, veuillez r\u00e9pondre svp \u00e0 ce questionnaire : Cordialement.<\/p>\n","protected":false},"author":1,"featured_media":0,"parent":0,"menu_order":0,"comment_status":"closed","ping_status":"closed","template":"","meta":{"sfsi_plus_gutenberg_text_before_share":"","sfsi_plus_gutenberg_show_text_before_share":"","sfsi_plus_gutenberg_icon_type":"","sfsi_plus_gutenberg_icon_alignemt":"","sfsi_plus_gutenburg_max_per_row":"","ngg_post_thumbnail":0,"_kad_post_transparent":"","_kad_post_title":"","_kad_post_layout":"","_kad_post_sidebar_id":"","_kad_post_content_style":"","_kad_post_vertical_padding":"","_kad_post_feature":"","_kad_post_feature_position":"","_kad_post_header":false,"_kad_post_footer":false,"_kad_post_classname":"","footnotes":""},"class_list":["post-24","page","type-page","status-publish","hentry"],"aioseo_notices":[],"jetpack_sharing_enabled":true,"_links":{"self":[{"href":"https:\/\/samemerveille77.com\/index.php\/wp-json\/wp\/v2\/pages\/24","targetHints":{"allow":["GET"]}}],"collection":[{"href":"https:\/\/samemerveille77.com\/index.php\/wp-json\/wp\/v2\/pages"}],"about":[{"href":"https:\/\/samemerveille77.com\/index.php\/wp-json\/wp\/v2\/types\/page"}],"author":[{"embeddable":true,"href":"https:\/\/samemerveille77.com\/index.php\/wp-json\/wp\/v2\/users\/1"}],"replies":[{"embeddable":true,"href":"https:\/\/samemerveille77.com\/index.php\/wp-json\/wp\/v2\/comments?post=24"}],"version-history":[{"count":3,"href":"https:\/\/samemerveille77.com\/index.php\/wp-json\/wp\/v2\/pages\/24\/revisions"}],"predecessor-version":[{"id":34,"href":"https:\/\/samemerveille77.com\/index.php\/wp-json\/wp\/v2\/pages\/24\/revisions\/34"}],"wp:attachment":[{"href":"https:\/\/samemerveille77.com\/index.php\/wp-json\/wp\/v2\/media?parent=24"}],"curies":[{"name":"wp","href":"https:\/\/api.w.org\/{rel}","templated":true}]}}