{"id":1170,"date":"2025-12-30T15:05:39","date_gmt":"2025-12-30T14:05:39","guid":{"rendered":"https:\/\/samemerveille77.com\/?page_id=1170"},"modified":"2025-12-30T16:59:58","modified_gmt":"2025-12-30T15:59:58","slug":"location-machine-a-fumee","status":"publish","type":"page","link":"https:\/\/samemerveille77.com\/index.php\/location-machine-a-fumee\/","title":{"rendered":"Location Machine \u00e0 Fum\u00e9e"},"content":{"rendered":"\n<p>Bonjour,<\/p>\n\n\n\n<p>Je vous propose cette machine \u00e0 fum\u00e9e:<\/p>\n\n\n\n<ul class=\"wp-block-list\">\n<li>FACILE \u00c0 UTILISER: La machine est livr\u00e9e avec deux t\u00e9l\u00e9commandes sans fil diff\u00e9rentes, l\u2019une est celle que vous utiliserez pour allumer et \u00e9teindre la machine \u00e0 brouillard pour une utilisation facile, l\u2019autre est \u00e9quip\u00e9e de boutons de contr\u00f4le de la lumi\u00e8re LED, vous permettant de changer de couleur librement.<\/li>\n\n\n\n<li>13 COULEURS D\u2019EFFET LUMINEUX RVB: Vous avez le choix entre 13 couleurs, \u00e0 savoir les couleurs rouge, bleu, gris ou m\u00e9lang\u00e9es (cyan, fuchsia, jaune et blanc), divers effets lumineux \u00e0 diff\u00e9rentes vitesses (fondu, flash, lisse et stroboscopique). Il poss\u00e8de \u00e9galement un effet de lumi\u00e8re LED RVB pour rehausser l\u2019atmosph\u00e8re.<\/li>\n\n\n\n<li>NON TOXIQUE, SANS ODEUR ET HAUTE PUISSANCE: Comme la puissance de la machine \u00e0 fum\u00e9e est de 500W, la puissance de sortie atteint environ 2000 PCM (ft.\/min) avec une dissipation entre 2 et 3 m\u00e8tres pendant une dur\u00e9e de 30-40 secondes. De plus, vous pouvez utiliser cette machine sans aucun souci car elle ne produit aucun gaz toxique.<\/li>\n<\/ul>\n\n\n\n<p>TARIFS LOCATION&nbsp;:<\/p>\n\n\n\n<p>\u2022 10&nbsp;\u20ac par jour<\/p>\n\n\n\n<p>\u2022 15&nbsp;\u20ac le week-end<\/p>\n\n\n\n<p>\u2022  5 &nbsp;\u20ac le plein de liquide suppl\u00e9mentaire<\/p>\n\n\n\n<p>Une caution de 50\u20ac est demand\u00e9e.<\/p>\n\n\n\n<p>\u2757Obligatoire<\/p>\n\n\n\n<p>\u2013 R\u00e8glement esp\u00e8ce<\/p>\n\n\n\n<p>\u2013 Caution<\/p>\n\n\n\n<p>\u2013 Photo pi\u00e8ce d\u2019identit\u00e9<\/p>\n\n\n\n<p>\ud83d\ude9a \u00c0 r\u00e9cup\u00e9rer sur Pontault-Combault.<\/p>\n\n\n\n<p>Ou Livraison (prix \u00e0 d\u00e9finir).<\/p>\n\n\n\n<p>Me contacter pour toute autre information.<\/p>\n\n\n\n<div class=\"wp-block-responsive-lightbox-gallery\"><div class=\"rl-gallery-container rl-loading\" id=\"rl-gallery-container-1\" data-gallery_id=\"1202\"> <div class=\"rl-gallery rl-basicmasonry-gallery \" id=\"rl-gallery-1\" data-gallery_no=\"1\"> <div class=\"rl-gutter-sizer\"><\/div><div class=\"rl-grid-sizer\"><\/div> <div class=\"rl-gallery-item rl-gallery-item-width-4\" > <div class=\"rl-gallery-item-content\"> <a href=\"https:\/\/i0.wp.com\/samemerveille77.com\/wp-content\/uploads\/2025\/11\/20251102_182313-scaled.jpg?fit=2560%2C1183&amp;ssl=1\" title=\"\" data-rl_title=\"\" class=\"rl-gallery-link\" data-rl_caption=\"\" data-rel=\"lightbox-gallery-1\"><img loading=\"lazy\" decoding=\"async\" src=\"https:\/\/i0.wp.com\/samemerveille77.com\/wp-content\/uploads\/2025\/11\/20251102_182313-scaled.jpg?fit=300%2C139&#038;ssl=1\" width=\"300\" height=\"139\" alt=\"\" \/><\/a> <\/div> <\/div> <div class=\"rl-gallery-item\" > <div class=\"rl-gallery-item-content\"> <a href=\"https:\/\/i0.wp.com\/samemerveille77.com\/wp-content\/uploads\/2025\/12\/IMG-20251230-WA0022.jpg?fit=425%2C365&amp;ssl=1\" title=\"\" data-rl_title=\"\" class=\"rl-gallery-link\" data-rl_caption=\"\" data-rel=\"lightbox-gallery-1\"><img loading=\"lazy\" decoding=\"async\" src=\"https:\/\/i0.wp.com\/samemerveille77.com\/wp-content\/uploads\/2025\/12\/IMG-20251230-WA0022.jpg?fit=300%2C258&#038;ssl=1\" width=\"300\" height=\"258\" alt=\"\" \/><\/a> <\/div> <\/div> <div class=\"rl-gallery-item\" > <div class=\"rl-gallery-item-content\"> <a href=\"https:\/\/i0.wp.com\/samemerveille77.com\/wp-content\/uploads\/2025\/12\/IMG-20251230-WA0021.jpg?fit=425%2C425&amp;ssl=1\" title=\"\" data-rl_title=\"\" class=\"rl-gallery-link\" data-rl_caption=\"\" data-rel=\"lightbox-gallery-1\"><img loading=\"lazy\" decoding=\"async\" src=\"https:\/\/i0.wp.com\/samemerveille77.com\/wp-content\/uploads\/2025\/12\/IMG-20251230-WA0021.jpg?fit=300%2C300&#038;ssl=1\" width=\"300\" height=\"300\" alt=\"\" \/><\/a> <\/div> <\/div> <div class=\"rl-gallery-item\" > <div class=\"rl-gallery-item-content\"> <a href=\"https:\/\/i0.wp.com\/samemerveille77.com\/wp-content\/uploads\/2025\/12\/IMG-20251230-WA0025.jpg?fit=1500%2C1500&amp;ssl=1\" title=\"\" data-rl_title=\"\" class=\"rl-gallery-link\" data-rl_caption=\"\" data-rel=\"lightbox-gallery-1\"><img loading=\"lazy\" decoding=\"async\" src=\"https:\/\/i0.wp.com\/samemerveille77.com\/wp-content\/uploads\/2025\/12\/IMG-20251230-WA0025.jpg?fit=300%2C300&#038;ssl=1\" width=\"300\" height=\"300\" alt=\"\" \/><\/a> <\/div> <\/div> <div class=\"rl-gallery-item\" > <div class=\"rl-gallery-item-content\"> <a href=\"https:\/\/i0.wp.com\/samemerveille77.com\/wp-content\/uploads\/2025\/12\/IMG-20251230-WA0020.jpg?fit=1500%2C1500&amp;ssl=1\" title=\"\" data-rl_title=\"\" class=\"rl-gallery-link\" data-rl_caption=\"\" data-rel=\"lightbox-gallery-1\"><img loading=\"lazy\" decoding=\"async\" src=\"https:\/\/i0.wp.com\/samemerveille77.com\/wp-content\/uploads\/2025\/12\/IMG-20251230-WA0020.jpg?fit=300%2C300&#038;ssl=1\" width=\"300\" height=\"300\" alt=\"\" \/><\/a> <\/div> <\/div> <div class=\"rl-gallery-item\" > <div class=\"rl-gallery-item-content\"> <a href=\"https:\/\/i0.wp.com\/samemerveille77.com\/wp-content\/uploads\/2025\/12\/IMG-20251230-WA0023.jpg?fit=425%2C425&amp;ssl=1\" title=\"\" data-rl_title=\"\" class=\"rl-gallery-link\" data-rl_caption=\"\" data-rel=\"lightbox-gallery-1\"><img loading=\"lazy\" decoding=\"async\" src=\"https:\/\/i0.wp.com\/samemerveille77.com\/wp-content\/uploads\/2025\/12\/IMG-20251230-WA0023.jpg?fit=300%2C300&#038;ssl=1\" width=\"300\" height=\"300\" alt=\"\" \/><\/a> <\/div> <\/div> <div class=\"rl-gallery-item\" > <div class=\"rl-gallery-item-content\"> <a href=\"https:\/\/i0.wp.com\/samemerveille77.com\/wp-content\/uploads\/2025\/12\/IMG-20251230-WA0024.jpg?fit=1500%2C1500&amp;ssl=1\" title=\"\" data-rl_title=\"\" class=\"rl-gallery-link\" data-rl_caption=\"\" data-rel=\"lightbox-gallery-1\"><img loading=\"lazy\" decoding=\"async\" src=\"https:\/\/i0.wp.com\/samemerveille77.com\/wp-content\/uploads\/2025\/12\/IMG-20251230-WA0024.jpg?fit=300%2C300&#038;ssl=1\" width=\"300\" height=\"300\" alt=\"\" \/><\/a> <\/div> <\/div> <\/div> <\/div><\/div>\n\n\n\n<figure class=\"wp-block-embed is-type-video is-provider-youtube wp-block-embed-youtube wp-embed-aspect-16-9 wp-has-aspect-ratio\"><div class=\"wp-block-embed__wrapper\">\n<iframe loading=\"lazy\" title=\"2 novembre 2025\" width=\"720\" height=\"405\" src=\"https:\/\/www.youtube.com\/embed\/Ug-vjLP5CPY?feature=oembed\" frameborder=\"0\" allow=\"accelerometer; autoplay; clipboard-write; encrypted-media; gyroscope; picture-in-picture; web-share\" referrerpolicy=\"strict-origin-when-cross-origin\" allowfullscreen><\/iframe>\n<\/div><\/figure>\n\n\n\n<p><\/p>\n","protected":false},"excerpt":{"rendered":"<p>Bonjour, Je vous propose cette machine \u00e0 fum\u00e9e: TARIFS LOCATION&nbsp;: \u2022 10&nbsp;\u20ac par jour \u2022 15&nbsp;\u20ac le week-end \u2022 5 &nbsp;\u20ac le plein de liquide suppl\u00e9mentaire Une caution de 50\u20ac est demand\u00e9e. \u2757Obligatoire \u2013 R\u00e8glement esp\u00e8ce \u2013 Caution \u2013 Photo pi\u00e8ce d\u2019identit\u00e9 \ud83d\ude9a \u00c0 r\u00e9cup\u00e9rer sur Pontault-Combault. Ou Livraison (prix \u00e0 d\u00e9finir). Me contacter pour&#8230;<\/p>\n","protected":false},"author":1,"featured_media":0,"parent":0,"menu_order":0,"comment_status":"closed","ping_status":"closed","template":"","meta":{"sfsi_plus_gutenberg_text_before_share":"","sfsi_plus_gutenberg_show_text_before_share":"","sfsi_plus_gutenberg_icon_type":"","sfsi_plus_gutenberg_icon_alignemt":"","sfsi_plus_gutenburg_max_per_row":"","ngg_post_thumbnail":0,"_kad_post_transparent":"","_kad_post_title":"","_kad_post_layout":"","_kad_post_sidebar_id":"","_kad_post_content_style":"","_kad_post_vertical_padding":"","_kad_post_feature":"","_kad_post_feature_position":"","_kad_post_header":false,"_kad_post_footer":false,"_kad_post_classname":"","footnotes":""},"class_list":["post-1170","page","type-page","status-publish","hentry"],"aioseo_notices":[],"jetpack_sharing_enabled":true,"_links":{"self":[{"href":"https:\/\/samemerveille77.com\/index.php\/wp-json\/wp\/v2\/pages\/1170","targetHints":{"allow":["GET"]}}],"collection":[{"href":"https:\/\/samemerveille77.com\/index.php\/wp-json\/wp\/v2\/pages"}],"about":[{"href":"https:\/\/samemerveille77.com\/index.php\/wp-json\/wp\/v2\/types\/page"}],"author":[{"embeddable":true,"href":"https:\/\/samemerveille77.com\/index.php\/wp-json\/wp\/v2\/users\/1"}],"replies":[{"embeddable":true,"href":"https:\/\/samemerveille77.com\/index.php\/wp-json\/wp\/v2\/comments?post=1170"}],"version-history":[{"count":15,"href":"https:\/\/samemerveille77.com\/index.php\/wp-json\/wp\/v2\/pages\/1170\/revisions"}],"predecessor-version":[{"id":1232,"href":"https:\/\/samemerveille77.com\/index.php\/wp-json\/wp\/v2\/pages\/1170\/revisions\/1232"}],"wp:attachment":[{"href":"https:\/\/samemerveille77.com\/index.php\/wp-json\/wp\/v2\/media?parent=1170"}],"curies":[{"name":"wp","href":"https:\/\/api.w.org\/{rel}","templated":true}]}}